{"id":565,"date":"2022-09-05T18:01:00","date_gmt":"2022-09-05T17:01:00","guid":{"rendered":"https:\/\/ed-partners.be\/?page_id=565"},"modified":"2023-01-18T23:31:07","modified_gmt":"2023-01-18T22:31:07","slug":"home","status":"publish","type":"page","link":"https:\/\/ed-partners.be\/","title":{"rendered":"Home"},"content":{"rendered":"\n<div class=\"wp-block-uagb-container uagb-block-a188b8d4 alignfull uagb-is-root-container\"><div class=\"uagb-container-inner-blocks-wrap\">\n<div class=\"wp-block-columns is-layout-flex wp-container-core-columns-is-layout-28f84493 wp-block-columns-is-layout-flex\">\n<div class=\"wp-block-column is-layout-flow wp-block-column-is-layout-flow\" style=\"flex-basis:66.66%\">\n<div class=\"wp-block-uagb-info-box uagb-block-51b13c6d uagb-infobox__content-wrap  uagb-infobox-icon-above-title uagb-infobox-image-valign-top uag-blocks-common-selector\" style=\"--z-index-desktop:80;;--z-index-tablet:undefined;;--z-index-mobile:undefined;\"><div class=\"uagb-ifb-content\"><div class=\"uagb-ifb-title-wrap\"><h1 class=\"uagb-ifb-title\">Domiciliation Commerciale &amp; Gestion du courrier<\/h1><\/div><p class=\"uagb-ifb-desc\">Gr\u00e2ce \u00e0 notre plateforme unique. Vous pouvez avoir acc\u00e8s \u00e0 vos documents de mani\u00e8re 100% digitale sur votre smartphone et ordinateur.<br><br>A partir de 37\u20ac \/mois<\/p><div class=\"uagb-ifb-button-wrapper wp-block-button\"><a href=\"https:\/\/ed-partners.be\/index.php\/je-cree-mon-siege-social\/\" class=\"uagb-infobox-cta-link wp-block-button__link\" target=\"_self\" rel=\"noopener noreferrer\" alt=\"\"><span class=\"uagb-inline-editing\">S&rsquo;inscrire en ligne<\/span><svg xmlns=\"https:\/\/www.w3.org\/2000\/svg\" viewBox=\"0 0 512 512\"><path d=\"M490.3 40.4C512.2 62.27 512.2 97.73 490.3 119.6L460.3 149.7L362.3 51.72L392.4 21.66C414.3-.2135 449.7-.2135 471.6 21.66L490.3 40.4zM172.4 241.7L339.7 74.34L437.7 172.3L270.3 339.6C264.2 345.8 256.7 350.4 248.4 353.2L159.6 382.8C150.1 385.6 141.5 383.4 135 376.1C128.6 370.5 126.4 361 129.2 352.4L158.8 263.6C161.6 255.3 166.2 247.8 172.4 241.7V241.7zM192 63.1C209.7 63.1 224 78.33 224 95.1C224 113.7 209.7 127.1 192 127.1H96C78.33 127.1 64 142.3 64 159.1V416C64 433.7 78.33 448 96 448H352C369.7 448 384 433.7 384 416V319.1C384 302.3 398.3 287.1 416 287.1C433.7 287.1 448 302.3 448 319.1V416C448 469 405 512 352 512H96C42.98 512 0 469 0 416V159.1C0 106.1 42.98 63.1 96 63.1H192z\"><\/path><\/svg><\/a><\/div><\/div><\/div>\n<\/div>\n\n\n\n<div class=\"wp-block-column is-layout-flow wp-block-column-is-layout-flow\" style=\"flex-basis:33.33%\">\n<figure class=\"wp-block-image size-large is-resized uag-hide-mob\"><img loading=\"lazy\" decoding=\"async\" src=\"https:\/\/ed-partners.be\/wp-content\/uploads\/2022\/09\/accueilFichier-2@4x-584x1024.png\" alt=\"\" class=\"wp-image-582\" width=\"292\" height=\"512\" srcset=\"https:\/\/ed-partners.be\/wp-content\/uploads\/2022\/09\/accueilFichier-2@4x-584x1024.png 584w, https:\/\/ed-partners.be\/wp-content\/uploads\/2022\/09\/accueilFichier-2@4x-171x300.png 171w, https:\/\/ed-partners.be\/wp-content\/uploads\/2022\/09\/accueilFichier-2@4x-768x1346.png 768w, https:\/\/ed-partners.be\/wp-content\/uploads\/2022\/09\/accueilFichier-2@4x-877x1536.png 877w, https:\/\/ed-partners.be\/wp-content\/uploads\/2022\/09\/accueilFichier-2@4x-1169x2048.png 1169w, https:\/\/ed-partners.be\/wp-content\/uploads\/2022\/09\/accueilFichier-2@4x.png 1372w\" sizes=\"auto, (max-width: 292px) 100vw, 292px\" \/><\/figure>\n<\/div>\n<\/div>\n<\/div><\/div>\n\n\n\n<div class=\"wp-block-uagb-container uagb-block-f6cb490d alignfull uagb-is-root-container\"><div class=\"uagb-container-inner-blocks-wrap\">\n<div class=\"wp-block-uagb-container uagb-block-82049f88\">\n<div class=\"wp-block-uagb-info-box uagb-block-9edeb7cb uagb-infobox__content-wrap  uagb-infobox-icon-above-title uagb-infobox-image-valign-top\"><div class=\"uagb-ifb-content\"><div class=\"uagb-ifb-title-wrap\"><h2 class=\"uagb-ifb-title\">Un endroit s\u00fbr pour votre soci\u00e9t\u00e9<\/h2><\/div><p class=\"uagb-ifb-desc\">ED Partners vous garantit la confidentialit\u00e9 de vos documents et la bonne gestion de votre courrier. Gr\u00e2ce \u00e0 cela, vous avez acc\u00e8s \u00e0 une adresse commerciale de qualit\u00e9.<\/p><div class=\"uagb-ifb-button-wrapper wp-block-button\"><a href=\"https:\/\/ed-partners.be\/index.php\/siege-social\/\" class=\"uagb-infobox-cta-link wp-block-button__link\" target=\"_self\" rel=\"noopener noreferrer\" alt=\"\"><span class=\"uagb-inline-editing\">Nos services<\/span><\/a><\/div><\/div><\/div>\n<\/div>\n\n\n\n<div class=\"wp-block-uagb-container uagb-block-b013c71d\">\n<div class=\"wp-block-uagb-advanced-heading uagb-block-03528771\"><h5 class=\"uagb-heading-text\">Acc\u00e8s de 9h \u00e0 17h<\/h5><p class=\"uagb-desc-text\">Si vous souhaitez, vous pouvez venir chercher vos colis et votre courrier sur place.<\/p><\/div>\n\n\n\n<div class=\"wp-block-uagb-advanced-heading uagb-block-0b126b4d\"><h5 class=\"uagb-heading-text\">Mailing du courrier<\/h5><p class=\"uagb-desc-text\">Avec l&rsquo;option business, votre courrier sera automatiquement envoy\u00e9 par mail.<\/p><\/div>\n\n\n\n<div class=\"wp-block-uagb-advanced-heading uagb-block-81baf4f8\"><h5 class=\"uagb-heading-text\">Application Mobile<\/h5><p class=\"uagb-desc-text\">Pour 47\u20ac\/mois vous avez acc\u00e8s \u00e0 votre courrier sur notre application mobile.<\/p><\/div>\n<\/div>\n\n\n\n<div class=\"wp-block-uagb-container uagb-block-d6955f41\">\n<div class=\"wp-block-uagb-advanced-heading uagb-block-e0d77a69\"><h5 class=\"uagb-heading-text\">Salle de r\u00e9union<\/h5><p class=\"uagb-desc-text\">Pour recevoir vos clients dans un endroit chaleureux et accueillant. <\/p><\/div>\n\n\n\n<div class=\"wp-block-uagb-advanced-heading uagb-block-993d7bae\"><h5 class=\"uagb-heading-text\">Unit\u00e9 d&rsquo;\u00e9tablissements<\/h5><p class=\"uagb-desc-text\">Sur demande et sous certaines conditions, nous pouvons vous donner acc\u00e8s \u00e0 une UE.<\/p><\/div>\n\n\n\n<div class=\"wp-block-uagb-advanced-heading uagb-block-4d029e03\"><h5 class=\"uagb-heading-text\">Cr\u00e9ation de soci\u00e9t\u00e9s<\/h5><p class=\"uagb-desc-text\">En quelques jours seulement vous pouvez cr\u00e9er votre soci\u00e9t\u00e9 chez nous. <\/p><\/div>\n<\/div>\n<\/div><\/div>\n\n\n\n<div class=\"wp-block-uagb-container uagb-block-d28adc2b alignfull uagb-is-root-container\"><div class=\"uagb-container-inner-blocks-wrap\">\n<div class=\"wp-block-uagb-container uagb-block-6dd98274 alignwide uagb-is-root-container\">\n<div class=\"wp-block-uagb-container uagb-block-00dab018\">\n<div class=\"wp-block-uagb-image uagb-block-a22a3e87 wp-block-uagb-image--layout-default wp-block-uagb-image--effect-static wp-block-uagb-image--align-center uag-hide-mob\"><figure class=\"wp-block-uagb-image__figure\"><img decoding=\"async\" srcset=\"https:\/\/ed-partners.be\/wp-content\/uploads\/2022\/06\/accueilFichier-1@4x-877x1024.png , https:\/\/ed-partners.be\/wp-content\/uploads\/2022\/09\/accueilFichier-3@4x.png 360w\" src=\"https:\/\/ed-partners.be\/wp-content\/uploads\/2022\/06\/accueilFichier-1@4x-877x1024.png\" alt=\"\" class=\"uag-image-277\" width=\"\" height=\"\" title=\"\" loading=\"lazy\"\/><\/figure><\/div>\n<\/div>\n\n\n\n<div class=\"wp-block-uagb-container uagb-block-71051c08\">\n<div class=\"wp-block-uagb-info-box uagb-block-1b868cc4 uagb-infobox__content-wrap  uagb-infobox-icon-above-title uagb-infobox-image-valign-top\"><div class=\"uagb-ifb-content\"><div class=\"uagb-ifb-title-wrap\"><h3 class=\"uagb-ifb-title\">Une application pour centraliser votre courrier<\/h3><\/div><p class=\"uagb-ifb-desc\">Gr\u00e2ce \u00e0 l\u2019environnement Nextcloud, nous h\u00e9bergeons en toute s\u00e9curit\u00e9 vos documents. Vous pouvez y acc\u00e9der en t\u00e9l\u00e9chargeant l\u2019application sur Android ou IOS.<\/p><div class=\"uagb-ifb-button-wrapper wp-block-button\"><a href=\"https:\/\/my.ed-partners.be\/\" class=\"uagb-infobox-cta-link wp-block-button__link\" target=\"_self\" rel=\"noopener noreferrer\" alt=\"\"><span class=\"uagb-inline-editing\">Installer Nextcloud<\/span><svg xmlns=\"https:\/\/www.w3.org\/2000\/svg\" viewBox=\"0 0 384 512\"><path d=\"M374.6 310.6l-160 160C208.4 476.9 200.2 480 192 480s-16.38-3.125-22.62-9.375l-160-160c-12.5-12.5-12.5-32.75 0-45.25s32.75-12.5 45.25 0L160 370.8V64c0-17.69 14.33-31.1 31.1-31.1S224 46.31 224 64v306.8l105.4-105.4c12.5-12.5 32.75-12.5 45.25 0S387.1 298.1 374.6 310.6z\"><\/path><\/svg><\/a><\/div><\/div><\/div>\n<\/div>\n<\/div>\n<\/div><\/div>\n\n\n\n<div class=\"wp-block-uagb-container uagb-block-d47cc6a5 alignfull uagb-is-root-container\"><div class=\"uagb-container-inner-blocks-wrap\">\n<div class=\"wp-block-uagb-container uagb-block-eeca60a2\">\n<div class=\"wp-block-uagb-info-box uagb-block-f155efed uagb-infobox__content-wrap  uagb-infobox-icon-above-title uagb-infobox-image-valign-top\"><div class=\"uagb-ifb-content\"><div class=\"uagb-ifb-title-wrap\"><h3 class=\"uagb-ifb-title\">Une digitalisation \u00e0 100%<\/h3><\/div><p class=\"uagb-ifb-desc\">Gr\u00e2ce \u00e0 la digitalisation compl\u00e8te , vous pourrez vous concentrer sur votre business et sur son d\u00e9veloppement. Une fois r\u00e9ceptionn\u00e9, votre courrier est scann\u00e9 et directement envoy\u00e9 sur l&rsquo;application <strong>My ED Partners<\/strong> ainsi que par mail.<\/p><div class=\"uagb-ifb-button-wrapper wp-block-button\"><a href=\"https:\/\/ed-partners.be\/index.php\/siege-social\/\" class=\"uagb-infobox-cta-link wp-block-button__link\" target=\"_self\" rel=\"noopener noreferrer\" alt=\"\"><span class=\"uagb-inline-editing\">En savoir plus<\/span><\/a><\/div><\/div><\/div>\n<\/div>\n\n\n\n<div class=\"wp-block-uagb-container uagb-block-8a51d243\">\n<div class=\"wp-block-uagb-image uagb-block-981fe4ca wp-block-uagb-image--layout-default wp-block-uagb-image--effect-static wp-block-uagb-image--align-none\"><figure class=\"wp-block-uagb-image__figure\"><img decoding=\"async\" srcset=\"https:\/\/ed-partners.be\/wp-content\/uploads\/2022\/09\/man-writing-laptop-2562325-1024x682.jpg ,https:\/\/ed-partners.be\/wp-content\/uploads\/2022\/09\/facilites-edited.jpg 780w, https:\/\/ed-partners.be\/wp-content\/uploads\/2022\/09\/facilites-edited.jpg 360w\" src=\"https:\/\/ed-partners.be\/wp-content\/uploads\/2022\/09\/man-writing-laptop-2562325-1024x682.jpg\" alt=\"man, writing, laptop-2562325.jpg\" class=\"uag-image-603\" width=\"\" height=\"\" title=\"\" loading=\"lazy\"\/><\/figure><\/div>\n<\/div>\n<\/div><\/div>\n\n\n\n<div class=\"wp-block-uagb-container uagb-block-4140e601 alignfull uagb-is-root-container\"><div class=\"uagb-container-inner-blocks-wrap\">\n<div class=\"wp-block-uagb-container uagb-block-a52f25e1\">\n<div class=\"wp-block-uagb-image uagb-block-4b6d34af wp-block-uagb-image--layout-default wp-block-uagb-image--effect-static wp-block-uagb-image--align-none\"><figure class=\"wp-block-uagb-image__figure\"><img decoding=\"async\" srcset=\"https:\/\/ed-partners.be\/wp-content\/uploads\/2022\/09\/archive-boxes-shelf-1850170-1024x682.jpg ,https:\/\/ed-partners.be\/wp-content\/uploads\/2022\/09\/affordable-pricing-edited.jpg 780w, https:\/\/ed-partners.be\/wp-content\/uploads\/2022\/09\/affordable-pricing-edited.jpg 360w\" src=\"https:\/\/ed-partners.be\/wp-content\/uploads\/2022\/09\/archive-boxes-shelf-1850170-1024x682.jpg\" alt=\"archive, boxes, shelf-1850170.jpg\" class=\"uag-image-602\" width=\"\" height=\"\" title=\"\" loading=\"lazy\"\/><\/figure><\/div>\n<\/div>\n\n\n\n<div class=\"wp-block-uagb-container uagb-block-7bd76d9c\">\n<div class=\"wp-block-uagb-info-box uagb-block-bb2a5d44 uagb-infobox__content-wrap  uagb-infobox-icon-above-title uagb-infobox-image-valign-top\"><div class=\"uagb-ifb-content\"><div class=\"uagb-ifb-title-wrap\"><h3 class=\"uagb-ifb-title\">Une boite postale abordable<\/h3><\/div><p class=\"uagb-ifb-desc\">Avec un si\u00e8ge social \u00e0 partir de 37\u20ac\/mois, nous proposons une des offres les plus basse du march\u00e9. <\/p><div class=\"uagb-ifb-button-wrapper wp-block-button\"><a href=\"https:\/\/ed-partners.be\/index.php\/siege-social\/\" class=\"uagb-infobox-cta-link wp-block-button__link\" target=\"_self\" rel=\"noopener noreferrer\" alt=\"\"><span class=\"uagb-inline-editing\">Nos tarifs<\/span><\/a><\/div><\/div><\/div>\n<\/div>\n<\/div><\/div>\n\n\n\n<div class=\"wp-block-uagb-container uagb-block-7bb41352 alignfull uagb-is-root-container\"><div class=\"uagb-container-inner-blocks-wrap\">\n<div class=\"wp-block-uagb-container uagb-block-4306f3b1\">\n<div class=\"wp-block-uagb-image uagb-block-db03d487 wp-block-uagb-image--layout-default wp-block-uagb-image--effect-zoomin wp-block-uagb-image--align-none\"><figure class=\"wp-block-uagb-image__figure\"><img decoding=\"async\" srcset=\"https:\/\/ed-partners.be\/wp-content\/uploads\/2022\/09\/gallery-1-edited.jpg ,https:\/\/ed-partners.be\/wp-content\/uploads\/2022\/09\/gallery-1-edited.jpg 780w, https:\/\/ed-partners.be\/wp-content\/uploads\/2022\/09\/gallery-1-edited.jpg 360w\" src=\"https:\/\/ed-partners.be\/wp-content\/uploads\/2022\/09\/gallery-1-edited.jpg\" alt=\"\" class=\"uag-image-1435\" width=\"\" height=\"\" title=\"\" loading=\"lazy\"\/><\/figure><\/div>\n<\/div>\n\n\n\n<div class=\"wp-block-uagb-container uagb-block-c4fa0ad8\">\n<div class=\"wp-block-uagb-image uagb-block-193d1c80 wp-block-uagb-image--layout-default wp-block-uagb-image--effect-zoomin wp-block-uagb-image--align-none\"><figure class=\"wp-block-uagb-image__figure\"><img decoding=\"async\" srcset=\"https:\/\/ed-partners.be\/wp-content\/uploads\/2022\/09\/gallery-2-edited.jpg ,https:\/\/ed-partners.be\/wp-content\/uploads\/2022\/09\/gallery-2-edited.jpg 780w, https:\/\/ed-partners.be\/wp-content\/uploads\/2022\/09\/gallery-2-edited.jpg 360w\" src=\"https:\/\/ed-partners.be\/wp-content\/uploads\/2022\/09\/gallery-2-edited.jpg\" alt=\"\" class=\"uag-image-1436\" width=\"\" height=\"\" title=\"\" loading=\"lazy\"\/><\/figure><\/div>\n<\/div>\n\n\n\n<div class=\"wp-block-uagb-container uagb-block-af89dff9\">\n<div class=\"wp-block-uagb-image uagb-block-fa251e95 wp-block-uagb-image--layout-default wp-block-uagb-image--effect-zoomin wp-block-uagb-image--align-none\"><figure class=\"wp-block-uagb-image__figure\"><img decoding=\"async\" srcset=\"https:\/\/ed-partners.be\/wp-content\/uploads\/2022\/09\/gallery3-free-img.jpg ,https:\/\/ed-partners.be\/wp-content\/uploads\/2022\/09\/gallery3-free-img.jpg 780w, https:\/\/ed-partners.be\/wp-content\/uploads\/2022\/09\/gallery3-free-img.jpg 360w\" src=\"https:\/\/ed-partners.be\/wp-content\/uploads\/2022\/09\/gallery3-free-img.jpg\" alt=\"\" class=\"uag-image-552\" width=\"\" height=\"\" title=\"\" loading=\"lazy\"\/><\/figure><\/div>\n<\/div>\n\n\n\n<div class=\"wp-block-uagb-container uagb-block-9b161c8e\">\n<div class=\"wp-block-uagb-image uagb-block-6d81cceb wp-block-uagb-image--layout-default wp-block-uagb-image--effect-zoomin wp-block-uagb-image--align-none\"><figure class=\"wp-block-uagb-image__figure\"><img decoding=\"async\" srcset=\"https:\/\/ed-partners.be\/wp-content\/uploads\/2022\/09\/gallery1-free-img.jpg ,https:\/\/ed-partners.be\/wp-content\/uploads\/2022\/09\/gallery1-free-img.jpg 780w, https:\/\/ed-partners.be\/wp-content\/uploads\/2022\/09\/gallery1-free-img.jpg 360w\" src=\"https:\/\/ed-partners.be\/wp-content\/uploads\/2022\/09\/gallery1-free-img.jpg\" alt=\"\" class=\"uag-image-551\" width=\"\" height=\"\" title=\"\" loading=\"lazy\"\/><\/figure><\/div>\n<\/div>\n\n\n\n<div class=\"wp-block-uagb-container uagb-block-a24a4fe0\">\n<div class=\"wp-block-uagb-image uagb-block-d82be4b1 wp-block-uagb-image--layout-default wp-block-uagb-image--effect-zoomin wp-block-uagb-image--align-none\"><figure class=\"wp-block-uagb-image__figure\"><img decoding=\"async\" srcset=\"https:\/\/ed-partners.be\/wp-content\/uploads\/2022\/09\/gallery4-free-img.jpg ,https:\/\/ed-partners.be\/wp-content\/uploads\/2022\/09\/gallery4-free-img.jpg 780w, https:\/\/ed-partners.be\/wp-content\/uploads\/2022\/09\/gallery4-free-img.jpg 360w\" src=\"https:\/\/ed-partners.be\/wp-content\/uploads\/2022\/09\/gallery4-free-img.jpg\" alt=\"\" class=\"uag-image-553\" width=\"\" height=\"\" title=\"\" loading=\"lazy\"\/><\/figure><\/div>\n<\/div>\n\n\n\n<div class=\"wp-block-uagb-container uagb-block-4480cb71\">\n<div class=\"wp-block-uagb-image uagb-block-ffd59cbe wp-block-uagb-image--layout-default wp-block-uagb-image--effect-zoomin wp-block-uagb-image--align-none\"><figure class=\"wp-block-uagb-image__figure\"><img decoding=\"async\" srcset=\"https:\/\/ed-partners.be\/wp-content\/uploads\/2022\/09\/left-free-img.jpg ,https:\/\/ed-partners.be\/wp-content\/uploads\/2022\/09\/left-free-img.jpg 780w, https:\/\/ed-partners.be\/wp-content\/uploads\/2022\/09\/left-free-img.jpg 360w\" src=\"https:\/\/ed-partners.be\/wp-content\/uploads\/2022\/09\/left-free-img.jpg\" alt=\"\" class=\"uag-image-541\" width=\"\" height=\"\" title=\"\" loading=\"lazy\"\/><\/figure><\/div>\n<\/div>\n<\/div><\/div>\n","protected":false},"excerpt":{"rendered":"<p>Acc\u00e8s de 9h \u00e0 17h Si vous souhaitez, vous pouvez venir chercher vos colis et votre courrier sur place. Mailing du courrier Avec l&rsquo;option business, votre courrier sera automatiquement envoy\u00e9 par mail. Application Mobile Pour 47\u20ac\/mois vous avez acc\u00e8s \u00e0 votre courrier sur notre application mobile. Salle de r\u00e9union Pour recevoir vos clients dans un [&hellip;]<\/p>\n","protected":false},"author":1,"featured_media":0,"parent":0,"menu_order":0,"comment_status":"closed","ping_status":"closed","template":"","meta":{"om_disable_all_campaigns":false,"_uag_custom_page_level_css":"","_monsterinsights_skip_tracking":false,"_monsterinsights_sitenote_active":false,"_monsterinsights_sitenote_note":"","_monsterinsights_sitenote_category":0,"site-sidebar-layout":"default","site-content-layout":"","ast-site-content-layout":"","site-content-style":"default","site-sidebar-style":"default","ast-global-header-display":"","ast-banner-title-visibility":"","ast-main-header-display":"","ast-hfb-above-header-display":"","ast-hfb-below-header-display":"","ast-hfb-mobile-header-display":"","site-post-title":"disabled","ast-breadcrumbs-content":"","ast-featured-img":"","footer-sml-layout":"","theme-transparent-header-meta":"","adv-header-id-meta":"","stick-header-meta":"","header-above-stick-meta":"","header-main-stick-meta":"","header-below-stick-meta":"","astra-migrate-meta-layouts":"default","ast-page-background-enabled":"default","ast-page-background-meta":{"desktop":{"background-color":"var(--ast-global-color-4)","background-image":"","background-repeat":"repeat","background-position":"center center","background-size":"auto","background-attachment":"scroll","background-type":"","background-media":"","overlay-type":"","overlay-color":"","overlay-opacity":"","overlay-gradient":""},"tablet":{"background-color":"","background-image":"","background-repeat":"repeat","background-position":"center center","background-size":"auto","background-attachment":"scroll","background-type":"","background-media":"","overlay-type":"","overlay-color":"","overlay-opacity":"","overlay-gradient":""},"mobile":{"background-color":"","background-image":"","background-repeat":"repeat","background-position":"center center","background-size":"auto","background-attachment":"scroll","background-type":"","background-media":"","overlay-type":"","overlay-color":"","overlay-opacity":"","overlay-gradient":""}},"ast-content-background-meta":{"desktop":{"background-color":"var(--ast-global-color-5)","background-image":"","background-repeat":"repeat","background-position":"center center","background-size":"auto","background-attachment":"scroll","background-type":"","background-media":"","overlay-type":"","overlay-color":"","overlay-opacity":"","overlay-gradient":""},"tablet":{"background-color":"var(--ast-global-color-5)","background-image":"","background-repeat":"repeat","background-position":"center center","background-size":"auto","background-attachment":"scroll","background-type":"","background-media":"","overlay-type":"","overlay-color":"","overlay-opacity":"","overlay-gradient":""},"mobile":{"background-color":"var(--ast-global-color-5)","background-image":"","background-repeat":"repeat","background-position":"center center","background-size":"auto","background-attachment":"scroll","background-type":"","background-media":"","overlay-type":"","overlay-color":"","overlay-opacity":"","overlay-gradient":""}},"footnotes":""},"class_list":["post-565","page","type-page","status-publish","hentry"],"aioseo_notices":[],"uagb_featured_image_src":{"full":false,"thumbnail":false,"medium":false,"medium_large":false,"large":false,"1536x1536":false,"2048x2048":false},"uagb_author_info":{"display_name":"E&amp;D PARTNERS","author_link":"https:\/\/ed-partners.be\/index.php\/author\/edpartners1932\/"},"uagb_comment_info":0,"uagb_excerpt":"Acc\u00e8s de 9h \u00e0 17h Si vous souhaitez, vous pouvez venir chercher vos colis et votre courrier sur place. Mailing du courrier Avec l&rsquo;option business, votre courrier sera automatiquement envoy\u00e9 par mail. Application Mobile Pour 47\u20ac\/mois vous avez acc\u00e8s \u00e0 votre courrier sur notre application mobile. Salle de r\u00e9union Pour recevoir vos clients dans un&hellip;","_links":{"self":[{"href":"https:\/\/ed-partners.be\/index.php\/wp-json\/wp\/v2\/pages\/565","targetHints":{"allow":["GET"]}}],"collection":[{"href":"https:\/\/ed-partners.be\/index.php\/wp-json\/wp\/v2\/pages"}],"about":[{"href":"https:\/\/ed-partners.be\/index.php\/wp-json\/wp\/v2\/types\/page"}],"author":[{"embeddable":true,"href":"https:\/\/ed-partners.be\/index.php\/wp-json\/wp\/v2\/users\/1"}],"replies":[{"embeddable":true,"href":"https:\/\/ed-partners.be\/index.php\/wp-json\/wp\/v2\/comments?post=565"}],"version-history":[{"count":42,"href":"https:\/\/ed-partners.be\/index.php\/wp-json\/wp\/v2\/pages\/565\/revisions"}],"predecessor-version":[{"id":745,"href":"https:\/\/ed-partners.be\/index.php\/wp-json\/wp\/v2\/pages\/565\/revisions\/745"}],"wp:attachment":[{"href":"https:\/\/ed-partners.be\/index.php\/wp-json\/wp\/v2\/media?parent=565"}],"curies":[{"name":"wp","href":"https:\/\/api.w.org\/{rel}","templated":true}]}}